{"id":26810,"date":"2025-02-13T11:11:34","date_gmt":"2025-02-13T10:11:34","guid":{"rendered":"https:\/\/kordes.de\/products\/variant-pressure-drainage\/"},"modified":"2025-03-09T20:54:08","modified_gmt":"2025-03-09T19:54:08","slug":"variant-pressure-drainage","status":"publish","type":"page","link":"https:\/\/dev.kordes.de\/en\/products\/variant-pressure-drainage\/","title":{"rendered":"VARIANT pressure drainage"},"content":{"rendered":"\t\t<div data-elementor-type=\"wp-page\" data-elementor-id=\"26810\" class=\"elementor elementor-26810 elementor-7895\" data-elementor-post-type=\"page\">\n\t\t\t\t<div class=\"has_eae_slider elementor-element elementor-element-51b13ce e-flex e-con-boxed e-con e-parent\" data-eae-slider=\"37447\" data-id=\"51b13ce\" data-element_type=\"container\" data-settings=\"{&quot;background_background&quot;:&quot;classic&quot;}\">\n\t\t\t\t\t<div class=\"e-con-inner\">\n\t\t<div class=\"has_eae_slider elementor-element elementor-element-6c57b418 e-con-full e-flex e-con e-child\" data-eae-slider=\"13773\" data-id=\"6c57b418\" data-element_type=\"container\">\n\t\t\t\t<div class=\"elementor-element elementor-element-50b85cdb elementor-widget elementor-widget-heading\" data-id=\"50b85cdb\" data-element_type=\"widget\" data-widget_type=\"heading.default\">\n\t\t\t\t\t<h1 class=\"elementor-heading-title elementor-size-default\">Druckentw\u00e4sserung VARIANT<\/h1>\t\t\t\t<\/div>\n\t\t\t\t<\/div>\n\t\t\t\t\t<\/div>\n\t\t\t\t<\/div>\n\t\t<div class=\"has_eae_slider elementor-element elementor-element-4274e5ff elementor-hidden-mobile e-con-full e-flex e-con e-parent\" data-eae-slider=\"22497\" data-id=\"4274e5ff\" data-element_type=\"container\">\n\t\t<div class=\"has_eae_slider elementor-element elementor-element-6e2b5fef e-flex e-con-boxed e-con e-child\" data-eae-slider=\"17113\" data-id=\"6e2b5fef\" data-element_type=\"container\">\n\t\t\t\t\t<div class=\"e-con-inner\">\n\t\t\t\t<div class=\"elementor-element elementor-element-2731b1e3 elementor-widget elementor-widget-text-editor\" data-id=\"2731b1e3\" data-element_type=\"widget\" data-widget_type=\"text-editor.default\">\n\t\t\t\t\t\t\t\t\t<p><a href=\"https:\/\/dev.kordes.de\/\">Kordes.de<\/a>\u00a0 \u00a0 &gt;\u00a0 \u00a0 <a href=\"https:\/\/dev.kordes.de\/produkte\/\">Produkte<\/a>\u00a0 \u00a0 &gt;\u00a0 \u00a0 <a href=\"https:\/\/dev.kordes.de\/produkte\/druckentwaesserung-variant\/\">VARIANT<\/a><\/p>\t\t\t\t\t\t\t\t<\/div>\n\t\t\t\t\t<\/div>\n\t\t\t\t<\/div>\n\t\t<div class=\"has_eae_slider elementor-element elementor-element-3e601501 e-con-full e-flex e-con e-child\" data-eae-slider=\"48239\" data-id=\"3e601501\" data-element_type=\"container\">\n\t\t\t\t<div class=\"elementor-element elementor-element-53116e27 elementor-widget-divider--view-line elementor-widget elementor-widget-divider\" data-id=\"53116e27\" data-element_type=\"widget\" data-widget_type=\"divider.default\">\n\t\t\t\t\t\t\t<div class=\"elementor-divider\">\n\t\t\t<span class=\"elementor-divider-separator\">\n\t\t\t\t\t\t<\/span>\n\t\t<\/div>\n\t\t\t\t\t\t<\/div>\n\t\t\t\t<\/div>\n\t\t\t\t<\/div>\n\t\t<div class=\"has_eae_slider elementor-element elementor-element-b967e71 e-flex e-con-boxed e-con e-parent\" data-eae-slider=\"22074\" data-id=\"b967e71\" data-element_type=\"container\">\n\t\t\t\t\t<div class=\"e-con-inner\">\n\t\t<div class=\"has_eae_slider elementor-element elementor-element-12f1f69 e-con-full e-flex e-con e-child\" data-eae-slider=\"53420\" data-id=\"12f1f69\" data-element_type=\"container\">\n\t\t\t\t<div class=\"elementor-element elementor-element-7291d3f7 elementor-widget elementor-widget-heading\" data-id=\"7291d3f7\" data-element_type=\"widget\" data-widget_type=\"heading.default\">\n\t\t\t\t\t<h1 class=\"elementor-heading-title elementor-size-default\">Produktauswahl<\/h1>\t\t\t\t<\/div>\n\t\t\t\t<\/div>\n\t\t<div class=\"has_eae_slider elementor-element elementor-element-3fba92b e-con-full elementor-hidden-tablet elementor-hidden-mobile e-flex e-con e-child\" data-eae-slider=\"25890\" data-id=\"3fba92b\" data-element_type=\"container\">\n\t\t\t\t<div class=\"elementor-element elementor-element-541ec741 elementor-widget elementor-widget-heading\" data-id=\"541ec741\" data-element_type=\"widget\" data-widget_type=\"heading.default\">\n\t\t\t\t\t<h6 class=\"elementor-heading-title elementor-size-default\">Mehr Info's<\/h6>\t\t\t\t<\/div>\n\t\t\t\t<\/div>\n\t\t\t\t\t<\/div>\n\t\t\t\t<\/div>\n\t\t<div class=\"has_eae_slider elementor-element elementor-element-2ee7c44f e-flex e-con-boxed e-con e-parent\" data-eae-slider=\"9715\" data-id=\"2ee7c44f\" data-element_type=\"container\">\n\t\t\t\t\t<div class=\"e-con-inner\">\n\t\t<div class=\"has_eae_slider elementor-element elementor-element-1752e979 e-con-full e-flex e-con e-child\" data-eae-slider=\"57717\" data-id=\"1752e979\" data-element_type=\"container\">\n\t\t\t\t<div class=\"elementor-element elementor-element-3988f126 elementor-widget elementor-widget-image\" data-id=\"3988f126\" data-element_type=\"widget\" data-widget_type=\"image.default\">\n\t\t\t\t\t\t\t\t\t\t\t\t\t\t\t\t<a href=\"https:\/\/dev.kordes.de\/produkte\/druckentwaesserung-variant\/pe-behaelter\/\">\n\t\t\t\t\t\t\t<img fetchpriority=\"high\" decoding=\"async\" width=\"292\" height=\"394\" src=\"https:\/\/dev.kordes.de\/wp-content\/uploads\/Produkte-Variant-Pumpstation-Druckentwaesserung-Abwasser-Einzelanlage.png\" class=\"attachment-large size-large wp-image-29154\" alt=\"Produkte Variant Pumpstation Druckentw\u00e4sserung Abwasser Einzelanlage\" \/>\t\t\t\t\t\t\t\t<\/a>\n\t\t\t\t\t\t\t\t\t\t\t\t\t\t\t<\/div>\n\t\t\t\t<div class=\"elementor-element elementor-element-5a48ca44 elementor-widget elementor-widget-heading\" data-id=\"5a48ca44\" data-element_type=\"widget\" data-widget_type=\"heading.default\">\n\t\t\t\t\t<h6 class=\"elementor-heading-title elementor-size-default\"><a href=\"https:\/\/dev.kordes.de\/produkte\/druckentwaesserung-variant\/pe-behaelter\/\">Druckentw\u00e4sserung VARIANT mit PE-Beh\u00e4lter<\/a><\/h6>\t\t\t\t<\/div>\n\t\t\t\t<div class=\"elementor-element elementor-element-5ef94bb elementor-widget elementor-widget-text-editor\" data-id=\"5ef94bb\" data-element_type=\"widget\" data-widget_type=\"text-editor.default\">\n\t\t\t\t\t\t\t\t\t<p>F\u00fcr Zulauftiefen bis 1,96 m<\/p>\t\t\t\t\t\t\t\t<\/div>\n\t\t\t\t<\/div>\n\t\t<div class=\"has_eae_slider elementor-element elementor-element-15893f64 e-con-full e-flex e-con e-child\" data-eae-slider=\"53555\" data-id=\"15893f64\" data-element_type=\"container\">\n\t\t\t\t<div class=\"elementor-element elementor-element-4b7dab52 elementor-widget elementor-widget-image\" data-id=\"4b7dab52\" data-element_type=\"widget\" data-widget_type=\"image.default\">\n\t\t\t\t\t\t\t\t\t\t\t\t\t\t\t\t<a href=\"https:\/\/dev.kordes.de\/produkte\/druckentwaesserung-variant\/beton-behaelter\/\">\n\t\t\t\t\t\t\t<img decoding=\"async\" width=\"292\" height=\"394\" src=\"https:\/\/dev.kordes.de\/wp-content\/uploads\/Variant-Pumpstation-Druckentwaesserung-Doppelanlage-Beton-Schacht-Befahrbar-Abwasser.png\" class=\"attachment-large size-large wp-image-29329\" alt=\"Variant Pumpstation Druckentw\u00e4sserung Doppelanlage Beton Schacht Befahrbar Abwasser\" \/>\t\t\t\t\t\t\t\t<\/a>\n\t\t\t\t\t\t\t\t\t\t\t\t\t\t\t<\/div>\n\t\t\t\t<div class=\"elementor-element elementor-element-6df141 elementor-widget elementor-widget-heading\" data-id=\"6df141\" data-element_type=\"widget\" data-widget_type=\"heading.default\">\n\t\t\t\t\t<h6 class=\"elementor-heading-title elementor-size-default\"><a href=\"https:\/\/dev.kordes.de\/produkte\/druckentwaesserung-variant\/beton-behaelter\/\">Druckentw\u00e4sserung VARIANT mit Beton<\/a><\/h6>\t\t\t\t<\/div>\n\t\t\t\t<div class=\"elementor-element elementor-element-649385a elementor-widget elementor-widget-text-editor\" data-id=\"649385a\" data-element_type=\"widget\" data-widget_type=\"text-editor.default\">\n\t\t\t\t\t\t\t\t\t<p>F\u00fcr Zulauftiefen bis 9,00 m<\/p>\t\t\t\t\t\t\t\t<\/div>\n\t\t\t\t<\/div>\n\t\t<div class=\"has_eae_slider elementor-element elementor-element-0f2d8b8 e-con-full e-flex e-con e-child\" data-eae-slider=\"40301\" data-id=\"0f2d8b8\" data-element_type=\"container\">\n\t\t\t\t<\/div>\n\t\t<div class=\"has_eae_slider elementor-element elementor-element-7117dda7 e-con-full elementor-hidden-tablet elementor-hidden-mobile e-flex e-con e-child\" data-eae-slider=\"49167\" data-id=\"7117dda7\" data-element_type=\"container\">\n\t\t\t\t<div class=\"elementor-element elementor-element-75430ec2 elementor-widget elementor-widget-image\" data-id=\"75430ec2\" data-element_type=\"widget\" data-widget_type=\"image.default\">\n\t\t\t\t\t\t\t\t\t\t\t\t\t\t\t\t<a href=\"https:\/\/dev.kordes.de\/wp-content\/uploads\/Broschuere-Druckentwaesserung-VARIANT.pdf\" target=\"_blank\">\n\t\t\t\t\t\t\t<img decoding=\"async\" width=\"814\" height=\"1143\" src=\"https:\/\/dev.kordes.de\/wp-content\/uploads\/Variant-Pumpstation-Broschuere-Druckentwaesserung.jpg\" class=\"attachment-large size-large wp-image-29327\" alt=\"Variant Pumpstation Brosch\u00fcre Druckentw\u00e4sserung\" \/>\t\t\t\t\t\t\t\t<\/a>\n\t\t\t\t\t\t\t\t\t\t\t\t\t\t\t<\/div>\n\t\t\t\t<\/div>\n\t\t\t\t\t<\/div>\n\t\t\t\t<\/div>\n\t\t<div class=\"has_eae_slider elementor-element elementor-element-3fafda07 e-flex e-con-boxed e-con e-parent\" data-eae-slider=\"81536\" data-id=\"3fafda07\" data-element_type=\"container\" data-settings=\"{&quot;background_background&quot;:&quot;gradient&quot;}\">\n\t\t\t\t\t<div class=\"e-con-inner\">\n\t\t\t\t<div class=\"elementor-element elementor-element-697c3dcf elementor-widget elementor-widget-heading\" data-id=\"697c3dcf\" data-element_type=\"widget\" data-widget_type=\"heading.default\">\n\t\t\t\t\t<h1 class=\"elementor-heading-title elementor-size-default\">Einsatzbereiche<\/h1>\t\t\t\t<\/div>\n\t\t\t\t\t<\/div>\n\t\t\t\t<\/div>\n\t\t<div class=\"has_eae_slider elementor-element elementor-element-989cf74 e-flex e-con-boxed e-con e-parent\" data-eae-slider=\"62343\" data-id=\"989cf74\" data-element_type=\"container\" data-settings=\"{&quot;shape_divider_bottom&quot;:&quot;waves&quot;}\">\n\t\t\t\t\t<div class=\"e-con-inner\">\n\t\t\t\t<div class=\"elementor-shape elementor-shape-bottom\" aria-hidden=\"true\" data-negative=\"false\">\n\t\t\t<svg xmlns=\"http:\/\/www.w3.org\/2000\/svg\" viewBox=\"0 0 1000 100\" preserveAspectRatio=\"none\">\n\t<path class=\"elementor-shape-fill\" d=\"M421.9,6.5c22.6-2.5,51.5,0.4,75.5,5.3c23.6,4.9,70.9,23.5,100.5,35.7c75.8,32.2,133.7,44.5,192.6,49.7\n\tc23.6,2.1,48.7,3.5,103.4-2.5c54.7-6,106.2-25.6,106.2-25.6V0H0v30.3c0,0,72,32.6,158.4,30.5c39.2-0.7,92.8-6.7,134-22.4\n\tc21.2-8.1,52.2-18.2,79.7-24.2C399.3,7.9,411.6,7.5,421.9,6.5z\"\/>\n<\/svg>\t\t<\/div>\n\t\t\t\t<div class=\"elementor-element elementor-element-6a3480c elementor-widget elementor-widget-heading\" data-id=\"6a3480c\" data-element_type=\"widget\" data-widget_type=\"heading.default\">\n\t\t\t\t\t<h3 class=\"elementor-heading-title elementor-size-default\">Druckentw\u00e4sserung VARIANT<\/h3>\t\t\t\t<\/div>\n\t\t\t\t<div class=\"elementor-element elementor-element-96d48cd elementor-widget elementor-widget-image\" data-id=\"96d48cd\" data-element_type=\"widget\" data-widget_type=\"image.default\">\n\t\t\t\t\t\t\t\t\t\t\t\t\t\t\t<img loading=\"lazy\" decoding=\"async\" width=\"1920\" height=\"849\" src=\"https:\/\/dev.kordes.de\/wp-content\/uploads\/Variant-Pumpstation-Druckentwaesserung-Entwaesserung-Wohnhaus-Anschluss-an-Druckleitung.jpg\" class=\"attachment-large size-large wp-image-29325\" alt=\"Variant Pumpstation Druckentw\u00e4sserung Entw\u00e4sserung Wohnhaus Anschluss an Druckleitung\" \/>\t\t\t\t\t\t\t\t\t\t\t\t\t\t\t<\/div>\n\t\t\t\t<div class=\"elementor-element elementor-element-49a8336 elementor-widget elementor-widget-text-editor\" data-id=\"49a8336\" data-element_type=\"widget\" data-widget_type=\"text-editor.default\">\n\t\t\t\t\t\t\t\t\t<p>Druckentw\u00e4sserung ist f\u00fcr Ein- und Mehrfamilienh\u00e4user im l\u00e4ndlichen Raum eine ideale M\u00f6glichkeit zur Abwasserentsorgung. Durch eine VARIANT Pumpstation wird Ihr gesamtes Abwasser unbemerkt auf dem schnellsten Weg zur n\u00e4chsten Kl\u00e4ranlage gepumpt.<\/p><p><span style=\"color: var( --e-global-color-text ); font-family: var( --e-global-typography-text-font-family ), Sans-serif; font-weight: var( --e-global-typography-text-font-weight ); text-align: var(--text-align);\">F\u00fcr die F\u00f6rderung geringer f\u00e4kalienhaltiger Abwassermengen sind Schneidradpumpen die erste Wahl. Die Schneidr\u00e4der zerkleinern im Betrieb alle gr\u00f6\u00dferen Bestandteile des Abwassers, wodurch der Einsatz kleinerer Leitungsquerschnitte m\u00f6glich ist. Das Leitungsnetz bleibt somit vor Ablagerungen und Verstopfungen bestens gesch\u00fctzt.<\/span><\/p><p><span style=\"color: var( --e-global-color-text ); font-family: var( --e-global-typography-text-font-family ), Sans-serif; font-weight: var( --e-global-typography-text-font-weight ); text-align: var(--text-align);\">Das Abwasser verbleibt nur kurze Zeit im geschlossenen Rohrleitungsnetz, sodass es nicht zu F\u00e4ulnisprozessen und Geruchsbel\u00e4stigungen kommen kann. Insbesondere bei gr\u00f6\u00dferen Entfernungen und schwierigen topografischen Verh\u00e4ltnissen ist eine Druckentw\u00e4sserung ideal. Dem Gel\u00e4ndeverlauf folgend werden problemlos H\u00f6henunterschiede \u00fcberwunden.<\/span><\/p><p><span style=\"color: var( --e-global-color-text ); font-family: var( --e-global-typography-text-font-family ), Sans-serif; font-weight: var( --e-global-typography-text-font-weight ); text-align: var(--text-align);\">Die Investitions- und Betriebskosten der Druckentw\u00e4sserung sind im Vergleich zur Freigef\u00e4llekanalisation h\u00e4ufig deutlich wirtschaftlicher.<\/span><\/p><p><span style=\"color: var( --e-global-color-text ); font-family: var( --e-global-typography-text-font-family ), Sans-serif; font-weight: var( --e-global-typography-text-font-weight ); text-align: var(--text-align);\">VARIANT Pumpstationen sind mit Kugelr\u00fcckschlagventilen ausger\u00fcstet und sch\u00fctzen Ihr Grundst\u00fcck zuverl\u00e4ssig vor R\u00fcckstau aus dem \u00f6ffentlichen Netz.<\/span><\/p>\t\t\t\t\t\t\t\t<\/div>\n\t\t\t\t\t<\/div>\n\t\t\t\t<\/div>\n\t\t<div class=\"has_eae_slider elementor-element elementor-element-e7e296a e-flex e-con-boxed e-con e-parent\" data-eae-slider=\"44963\" data-id=\"e7e296a\" data-element_type=\"container\">\n\t\t\t\t\t<div class=\"e-con-inner\">\n\t\t\t\t<div class=\"elementor-element elementor-element-eff519b elementor-widget elementor-widget-spacer\" data-id=\"eff519b\" data-element_type=\"widget\" data-widget_type=\"spacer.default\">\n\t\t\t\t\t\t\t<div class=\"elementor-spacer\">\n\t\t\t<div class=\"elementor-spacer-inner\"><\/div>\n\t\t<\/div>\n\t\t\t\t\t\t<\/div>\n\t\t\t\t\t<\/div>\n\t\t\t\t<\/div>\n\t\t\t\t<\/div>\n\t\t","protected":false},"excerpt":{"rendered":"<p>Druckentw\u00e4sserung VARIANT Kordes.de\u00a0 \u00a0 &gt;\u00a0 \u00a0 Produkte\u00a0 \u00a0 &gt;\u00a0 \u00a0 VARIANT Produktauswahl Mehr Info&#8217;s Druckentw\u00e4sserung VARIANT mit PE-Beh\u00e4lter F\u00fcr Zulauftiefen bis 1,96 m Druckentw\u00e4sserung VARIANT mit Beton F\u00fcr Zulauftiefen bis 9,00 m Einsatzbereiche Druckentw\u00e4sserung VARIANT Druckentw\u00e4sserung ist f\u00fcr Ein- und Mehrfamilienh\u00e4user im l\u00e4ndlichen Raum eine ideale M\u00f6glichkeit zur Abwasserentsorgung. Durch eine VARIANT Pumpstation wird Ihr [&hellip;]<\/p>\n","protected":false},"author":9,"featured_media":0,"parent":26735,"menu_order":2,"comment_status":"closed","ping_status":"closed","template":"","meta":{"footnotes":""},"class_list":["post-26810","page","type-page","status-publish","hentry"],"aioseo_notices":[],"_links":{"self":[{"href":"https:\/\/dev.kordes.de\/en\/wp-json\/wp\/v2\/pages\/26810","targetHints":{"allow":["GET"]}}],"collection":[{"href":"https:\/\/dev.kordes.de\/en\/wp-json\/wp\/v2\/pages"}],"about":[{"href":"https:\/\/dev.kordes.de\/en\/wp-json\/wp\/v2\/types\/page"}],"author":[{"embeddable":true,"href":"https:\/\/dev.kordes.de\/en\/wp-json\/wp\/v2\/users\/9"}],"replies":[{"embeddable":true,"href":"https:\/\/dev.kordes.de\/en\/wp-json\/wp\/v2\/comments?post=26810"}],"version-history":[{"count":14,"href":"https:\/\/dev.kordes.de\/en\/wp-json\/wp\/v2\/pages\/26810\/revisions"}],"predecessor-version":[{"id":31888,"href":"https:\/\/dev.kordes.de\/en\/wp-json\/wp\/v2\/pages\/26810\/revisions\/31888"}],"up":[{"embeddable":true,"href":"https:\/\/dev.kordes.de\/en\/wp-json\/wp\/v2\/pages\/26735"}],"wp:attachment":[{"href":"https:\/\/dev.kordes.de\/en\/wp-json\/wp\/v2\/media?parent=26810"}],"curies":[{"name":"wp","href":"https:\/\/api.w.org\/{rel}","templated":true}]}}