{"id":27891,"date":"2025-02-16T12:23:11","date_gmt":"2025-02-16T11:23:11","guid":{"rendered":"https:\/\/kordes.de\/references\/rosenheim\/"},"modified":"2025-03-07T11:35:16","modified_gmt":"2025-03-07T10:35:16","slug":"rosenheim","status":"publish","type":"page","link":"https:\/\/dev.kordes.de\/en\/references\/rosenheim\/","title":{"rendered":"Rosenheim"},"content":{"rendered":"\t\t<div data-elementor-type=\"wp-page\" data-elementor-id=\"27891\" class=\"elementor elementor-27891\" data-elementor-post-type=\"page\">\n\t\t\t\t<div class=\"has_eae_slider elementor-element elementor-element-72c5cef e-flex e-con-boxed e-con e-parent\" data-eae-slider=\"27355\" data-id=\"72c5cef\" data-element_type=\"container\">\n\t\t\t\t\t<div class=\"e-con-inner\">\n\t\t\t\t<div class=\"elementor-element elementor-element-acb91af elementor-widget elementor-widget-gallery\" data-id=\"acb91af\" data-element_type=\"widget\" data-settings=\"{&quot;gallery_layout&quot;:&quot;justified&quot;,&quot;lazyload&quot;:&quot;yes&quot;,&quot;ideal_row_height&quot;:{&quot;unit&quot;:&quot;px&quot;,&quot;size&quot;:200,&quot;sizes&quot;:[]},&quot;ideal_row_height_tablet&quot;:{&quot;unit&quot;:&quot;px&quot;,&quot;size&quot;:150,&quot;sizes&quot;:[]},&quot;ideal_row_height_mobile&quot;:{&quot;unit&quot;:&quot;px&quot;,&quot;size&quot;:150,&quot;sizes&quot;:[]},&quot;gap&quot;:{&quot;unit&quot;:&quot;px&quot;,&quot;size&quot;:10,&quot;sizes&quot;:[]},&quot;gap_tablet&quot;:{&quot;unit&quot;:&quot;px&quot;,&quot;size&quot;:10,&quot;sizes&quot;:[]},&quot;gap_mobile&quot;:{&quot;unit&quot;:&quot;px&quot;,&quot;size&quot;:10,&quot;sizes&quot;:[]},&quot;link_to&quot;:&quot;file&quot;,&quot;overlay_background&quot;:&quot;yes&quot;,&quot;content_hover_animation&quot;:&quot;fade-in&quot;}\" data-widget_type=\"gallery.default\">\n\t\t\t\t\t\t\t<div class=\"elementor-gallery__container\">\n\t\t\t\t\t<\/div>\n\t\t\t\t\t<\/div>\n\t\t\t\t\t<\/div>\n\t\t\t\t<\/div>\n\t\t<div class=\"has_eae_slider elementor-element elementor-element-0a0eb8d e-flex e-con-boxed e-con e-parent\" data-eae-slider=\"79512\" data-id=\"0a0eb8d\" data-element_type=\"container\" data-settings=\"{&quot;background_background&quot;:&quot;classic&quot;}\">\n\t\t\t\t\t<div class=\"e-con-inner\">\n\t\t<div class=\"has_eae_slider elementor-element elementor-element-a394210 e-con-full e-flex e-con e-child\" data-eae-slider=\"12652\" data-id=\"a394210\" data-element_type=\"container\">\n\t\t\t\t<div class=\"elementor-element elementor-element-7b96b3a elementor-widget elementor-widget-heading\" data-id=\"7b96b3a\" data-element_type=\"widget\" data-widget_type=\"heading.default\">\n\t\t\t\t\t<h1 class=\"elementor-heading-title elementor-size-default\">Shopping Center - Rosenheim<\/h1>\t\t\t\t<\/div>\n\t\t\t\t<\/div>\n\t\t\t\t\t<\/div>\n\t\t\t\t<\/div>\n\t\t<div class=\"has_eae_slider elementor-element elementor-element-3176c02 elementor-hidden-mobile e-con-full e-flex e-con e-parent\" data-eae-slider=\"86556\" data-id=\"3176c02\" data-element_type=\"container\">\n\t\t<div class=\"has_eae_slider elementor-element elementor-element-2e9d206 e-flex e-con-boxed e-con e-child\" data-eae-slider=\"38867\" data-id=\"2e9d206\" data-element_type=\"container\">\n\t\t\t\t\t<div class=\"e-con-inner\">\n\t\t\t\t<div class=\"elementor-element elementor-element-ca3c79a elementor-widget elementor-widget-text-editor\" data-id=\"ca3c79a\" data-element_type=\"widget\" data-widget_type=\"text-editor.default\">\n\t\t\t\t\t\t\t\t\t<p><a href=\"https:\/\/dev.kordes.de\/en\/\">Kordes.de<\/a>\u00a0 \u00a0 &gt;\u00a0 \u00a0 <a href=\"https:\/\/dev.kordes.de\/en\/references\/\">References<\/a>\u00a0 \u00a0 &gt;\u00a0 \u00a0<a href=\"https:\/\/dev.kordes.de\/en\/references\/rosenheim\/\">Rosenheim<\/a><\/p>\t\t\t\t\t\t\t\t<\/div>\n\t\t\t\t\t<\/div>\n\t\t\t\t<\/div>\n\t\t<div class=\"has_eae_slider elementor-element elementor-element-4b2e6b5 e-con-full e-flex e-con e-child\" data-eae-slider=\"18745\" data-id=\"4b2e6b5\" data-element_type=\"container\">\n\t\t\t\t<div class=\"elementor-element elementor-element-9ff1d23 elementor-widget-divider--view-line elementor-widget elementor-widget-divider\" data-id=\"9ff1d23\" data-element_type=\"widget\" data-widget_type=\"divider.default\">\n\t\t\t\t\t\t\t<div class=\"elementor-divider\">\n\t\t\t<span class=\"elementor-divider-separator\">\n\t\t\t\t\t\t<\/span>\n\t\t<\/div>\n\t\t\t\t\t\t<\/div>\n\t\t\t\t<\/div>\n\t\t\t\t<\/div>\n\t\t<div class=\"has_eae_slider elementor-element elementor-element-3bf7a55f e-flex e-con-boxed e-con e-parent\" data-eae-slider=\"87916\" data-id=\"3bf7a55f\" data-element_type=\"container\">\n\t\t\t\t\t<div class=\"e-con-inner\">\n\t\t\t\t<div class=\"elementor-element elementor-element-1a47492a elementor-widget elementor-widget-xpro-simple-gallery\" data-id=\"1a47492a\" data-element_type=\"widget\" data-settings=\"{&quot;item_per_row&quot;:4,&quot;item_per_row_tablet&quot;:3,&quot;item_per_row_mobile&quot;:3,&quot;item_height&quot;:{&quot;unit&quot;:&quot;px&quot;,&quot;size&quot;:250,&quot;sizes&quot;:[]},&quot;item_height_tablet&quot;:{&quot;unit&quot;:&quot;px&quot;,&quot;size&quot;:200,&quot;sizes&quot;:[]},&quot;item_height_mobile&quot;:{&quot;unit&quot;:&quot;px&quot;,&quot;size&quot;:100,&quot;sizes&quot;:[]},&quot;margin&quot;:{&quot;unit&quot;:&quot;px&quot;,&quot;size&quot;:10,&quot;sizes&quot;:[]},&quot;margin_tablet&quot;:{&quot;unit&quot;:&quot;px&quot;,&quot;size&quot;:8,&quot;sizes&quot;:[]},&quot;margin_mobile&quot;:{&quot;unit&quot;:&quot;px&quot;,&quot;size&quot;:5,&quot;sizes&quot;:[]},&quot;popup&quot;:&quot;1&quot;,&quot;thumbnail&quot;:&quot;yes&quot;,&quot;thumbnail_by_default&quot;:&quot;yes&quot;,&quot;hover_effect&quot;:&quot;zoom&quot;}\" data-widget_type=\"xpro-simple-gallery.default\">\n\t\t\t\t\t<div class=\"xpro-elementor-gallery xpro-elementor-gallery-layout-grid\">\n\n\t\n\t<!-- Main Gallery -->\n\t<div class=\"pluginResize xpro-elementor-gallery-wrapper cbp\">\n\n\t\t\n\t\t\t<!--Item-->\n\t\t\t<div class=\"cbp-item xpro-elementor-gallery-item filter-1\">\n\t\t\t\t<div class=\"cbp-caption\">\n\t\t\t\t\t<div class=\"cbp-caption-defaultWrap\">\n\t\t\t\t\t\t<img fetchpriority=\"high\" decoding=\"async\" width=\"3024\" height=\"4032\" src=\"https:\/\/dev.kordes.de\/wp-content\/uploads\/Referenz-Variant-Pumpstation-Rosenheim-Marktentwaesserung-1-Pumpstation-eingebaut-rotated.jpg\" class=\"attachment-full size-full\" alt=\"Referenz Variant Pumpstation Rosenheim Marktentw\u00e4sserung 1 Pumpstation eingebaut\" \/>\t\t\t\t\t<\/div>\n\t\t\t\t\t<div class=\"cbp-caption-activeWrap\">\n\t\t\t\t\t\t<div class=\"cbp-l-caption-alignCenter\" data-xpro-lightbox data-src=\"https:\/\/dev.kordes.de\/wp-content\/uploads\/Referenz-Variant-Pumpstation-Rosenheim-Marktentwaesserung-1-Pumpstation-eingebaut-rotated.jpg\">\n\t\t\t\t\t\t\t<!-- Overlay -->\n\t\t\t\t\t\t\t<div class=\"cbp-l-caption-body\">\n\t\t\t\t\t\t\t\t\t\t\t\t\t\t\t\t\t<!-- Icon -->\n\t\t\t\t\t\t\t\t\t<span class=\"xpro-overlay-icon\">\n\t\t\t\t\t\t\t\t\t<i aria-hidden=\"true\" class=\"fas fa-expand-arrows-alt\"><\/i>\t\t\t\t\t\t\t<\/span>\n\t\t\t\t\t\t\t\t\n\t\t\t\t\t\t\t\t\t\t\t\t\t\t\t<\/div>\n\t\t\t\t\t\t<\/div>\n\t\t\t\t\t<\/div>\n\t\t\t\t<\/div>\n\t\t\t<\/div>\n\n\t\t\n\t\t\t<!--Item-->\n\t\t\t<div class=\"cbp-item xpro-elementor-gallery-item filter-1\">\n\t\t\t\t<div class=\"cbp-caption\">\n\t\t\t\t\t<div class=\"cbp-caption-defaultWrap\">\n\t\t\t\t\t\t<img decoding=\"async\" width=\"3024\" height=\"4032\" src=\"https:\/\/dev.kordes.de\/wp-content\/uploads\/Referenz-Variant-Pumpstation-Rosenheim-Marktentwaesserung-2-Pumpstation-innen.jpg\" class=\"attachment-full size-full\" alt=\"Referenz Variant Pumpstation Rosenheim Marktentw\u00e4sserung 2 Pumpstation innen\" \/>\t\t\t\t\t<\/div>\n\t\t\t\t\t<div class=\"cbp-caption-activeWrap\">\n\t\t\t\t\t\t<div class=\"cbp-l-caption-alignCenter\" data-xpro-lightbox data-src=\"https:\/\/dev.kordes.de\/wp-content\/uploads\/Referenz-Variant-Pumpstation-Rosenheim-Marktentwaesserung-2-Pumpstation-innen.jpg\">\n\t\t\t\t\t\t\t<!-- Overlay -->\n\t\t\t\t\t\t\t<div class=\"cbp-l-caption-body\">\n\t\t\t\t\t\t\t\t\t\t\t\t\t\t\t\t\t<!-- Icon -->\n\t\t\t\t\t\t\t\t\t<span class=\"xpro-overlay-icon\">\n\t\t\t\t\t\t\t\t\t<i aria-hidden=\"true\" class=\"fas fa-expand-arrows-alt\"><\/i>\t\t\t\t\t\t\t<\/span>\n\t\t\t\t\t\t\t\t\n\t\t\t\t\t\t\t\t\t\t\t\t\t\t\t<\/div>\n\t\t\t\t\t\t<\/div>\n\t\t\t\t\t<\/div>\n\t\t\t\t<\/div>\n\t\t\t<\/div>\n\n\t\t\n\t\t\t<!--Item-->\n\t\t\t<div class=\"cbp-item xpro-elementor-gallery-item filter-1\">\n\t\t\t\t<div class=\"cbp-caption\">\n\t\t\t\t\t<div class=\"cbp-caption-defaultWrap\">\n\t\t\t\t\t\t<img decoding=\"async\" width=\"3024\" height=\"4032\" src=\"https:\/\/dev.kordes.de\/wp-content\/uploads\/Referenz-Variant-Pumpstation-Rosenheim-Marktentwaesserung-3-Pumpstation-innen.jpg\" class=\"attachment-full size-full\" alt=\"Referenz Variant Pumpstation Rosenheim Marktentw\u00e4sserung 3 Pumpstation innen\" \/>\t\t\t\t\t<\/div>\n\t\t\t\t\t<div class=\"cbp-caption-activeWrap\">\n\t\t\t\t\t\t<div class=\"cbp-l-caption-alignCenter\" data-xpro-lightbox data-src=\"https:\/\/dev.kordes.de\/wp-content\/uploads\/Referenz-Variant-Pumpstation-Rosenheim-Marktentwaesserung-3-Pumpstation-innen.jpg\">\n\t\t\t\t\t\t\t<!-- Overlay -->\n\t\t\t\t\t\t\t<div class=\"cbp-l-caption-body\">\n\t\t\t\t\t\t\t\t\t\t\t\t\t\t\t\t\t<!-- Icon -->\n\t\t\t\t\t\t\t\t\t<span class=\"xpro-overlay-icon\">\n\t\t\t\t\t\t\t\t\t<i aria-hidden=\"true\" class=\"fas fa-expand-arrows-alt\"><\/i>\t\t\t\t\t\t\t<\/span>\n\t\t\t\t\t\t\t\t\n\t\t\t\t\t\t\t\t\t\t\t\t\t\t\t<\/div>\n\t\t\t\t\t\t<\/div>\n\t\t\t\t\t<\/div>\n\t\t\t\t<\/div>\n\t\t\t<\/div>\n\n\t\t\n\t\t\t<!--Item-->\n\t\t\t<div class=\"cbp-item xpro-elementor-gallery-item filter-1\">\n\t\t\t\t<div class=\"cbp-caption\">\n\t\t\t\t\t<div class=\"cbp-caption-defaultWrap\">\n\t\t\t\t\t\t<img loading=\"lazy\" decoding=\"async\" width=\"3024\" height=\"4032\" src=\"https:\/\/dev.kordes.de\/wp-content\/uploads\/Referenz-Variant-Pumpstation-Rosenheim-Marktentwaesserung-4-Rueckstauschleife.jpg\" class=\"attachment-full size-full\" alt=\"Referenz Variant Pumpstation Rosenheim Marktentw\u00e4sserung 4 R\u00fcckstauschleife\" \/>\t\t\t\t\t<\/div>\n\t\t\t\t\t<div class=\"cbp-caption-activeWrap\">\n\t\t\t\t\t\t<div class=\"cbp-l-caption-alignCenter\" data-xpro-lightbox data-src=\"https:\/\/dev.kordes.de\/wp-content\/uploads\/Referenz-Variant-Pumpstation-Rosenheim-Marktentwaesserung-4-Rueckstauschleife.jpg\">\n\t\t\t\t\t\t\t<!-- Overlay -->\n\t\t\t\t\t\t\t<div class=\"cbp-l-caption-body\">\n\t\t\t\t\t\t\t\t\t\t\t\t\t\t\t\t\t<!-- Icon -->\n\t\t\t\t\t\t\t\t\t<span class=\"xpro-overlay-icon\">\n\t\t\t\t\t\t\t\t\t<i aria-hidden=\"true\" class=\"fas fa-expand-arrows-alt\"><\/i>\t\t\t\t\t\t\t<\/span>\n\t\t\t\t\t\t\t\t\n\t\t\t\t\t\t\t\t\t\t\t\t\t\t\t<\/div>\n\t\t\t\t\t\t<\/div>\n\t\t\t\t\t<\/div>\n\t\t\t\t<\/div>\n\t\t\t<\/div>\n\n\t\t\n\t\t\t<!--Item-->\n\t\t\t<div class=\"cbp-item xpro-elementor-gallery-item filter-1\">\n\t\t\t\t<div class=\"cbp-caption\">\n\t\t\t\t\t<div class=\"cbp-caption-defaultWrap\">\n\t\t\t\t\t\t<img loading=\"lazy\" decoding=\"async\" width=\"3024\" height=\"4032\" src=\"https:\/\/dev.kordes.de\/wp-content\/uploads\/Referenz-Variant-Pumpstation-Rosenheim-Marktentwaesserung-5-Rueckstauschleife-mit-Feiluftsaeule-rotated.jpg\" class=\"attachment-full size-full\" alt=\"Referenz Variant Pumpstation Rosenheim Marktentw\u00e4sserung 5 R\u00fcckstauschleife mit Feilufts\u00e4ule\" \/>\t\t\t\t\t<\/div>\n\t\t\t\t\t<div class=\"cbp-caption-activeWrap\">\n\t\t\t\t\t\t<div class=\"cbp-l-caption-alignCenter\" data-xpro-lightbox data-src=\"https:\/\/dev.kordes.de\/wp-content\/uploads\/Referenz-Variant-Pumpstation-Rosenheim-Marktentwaesserung-5-Rueckstauschleife-mit-Feiluftsaeule-rotated.jpg\">\n\t\t\t\t\t\t\t<!-- Overlay -->\n\t\t\t\t\t\t\t<div class=\"cbp-l-caption-body\">\n\t\t\t\t\t\t\t\t\t\t\t\t\t\t\t\t\t<!-- Icon -->\n\t\t\t\t\t\t\t\t\t<span class=\"xpro-overlay-icon\">\n\t\t\t\t\t\t\t\t\t<i aria-hidden=\"true\" class=\"fas fa-expand-arrows-alt\"><\/i>\t\t\t\t\t\t\t<\/span>\n\t\t\t\t\t\t\t\t\n\t\t\t\t\t\t\t\t\t\t\t\t\t\t\t<\/div>\n\t\t\t\t\t\t<\/div>\n\t\t\t\t\t<\/div>\n\t\t\t\t<\/div>\n\t\t\t<\/div>\n\n\t\t\n\t\t\t<!--Item-->\n\t\t\t<div class=\"cbp-item xpro-elementor-gallery-item filter-1\">\n\t\t\t\t<div class=\"cbp-caption\">\n\t\t\t\t\t<div class=\"cbp-caption-defaultWrap\">\n\t\t\t\t\t\t<img loading=\"lazy\" decoding=\"async\" width=\"3024\" height=\"4032\" src=\"https:\/\/dev.kordes.de\/wp-content\/uploads\/Referenz-Variant-Pumpstation-Rosenheim-Marktentwaesserung-6-Rueckstauschleife-Steuerung.jpg\" class=\"attachment-full size-full\" alt=\"Referenz Variant Pumpstation Rosenheim Marktentw\u00e4sserung 6 R\u00fcckstauschleife Steuerung\" \/>\t\t\t\t\t<\/div>\n\t\t\t\t\t<div class=\"cbp-caption-activeWrap\">\n\t\t\t\t\t\t<div class=\"cbp-l-caption-alignCenter\" data-xpro-lightbox data-src=\"https:\/\/dev.kordes.de\/wp-content\/uploads\/Referenz-Variant-Pumpstation-Rosenheim-Marktentwaesserung-6-Rueckstauschleife-Steuerung.jpg\">\n\t\t\t\t\t\t\t<!-- Overlay -->\n\t\t\t\t\t\t\t<div class=\"cbp-l-caption-body\">\n\t\t\t\t\t\t\t\t\t\t\t\t\t\t\t\t\t<!-- Icon -->\n\t\t\t\t\t\t\t\t\t<span class=\"xpro-overlay-icon\">\n\t\t\t\t\t\t\t\t\t<i aria-hidden=\"true\" class=\"fas fa-expand-arrows-alt\"><\/i>\t\t\t\t\t\t\t<\/span>\n\t\t\t\t\t\t\t\t\n\t\t\t\t\t\t\t\t\t\t\t\t\t\t\t<\/div>\n\t\t\t\t\t\t<\/div>\n\t\t\t\t\t<\/div>\n\t\t\t\t<\/div>\n\t\t\t<\/div>\n\n\t\t\n\t<\/div>\n\n<\/div>\n\t\t\t\t<\/div>\n\t\t\t\t\t<\/div>\n\t\t\t\t<\/div>\n\t\t\t\t<\/div>\n\t\t","protected":false},"excerpt":{"rendered":"<p>Shopping Center &#8211; Rosenheim Kordes.de\u00a0 \u00a0 &gt;\u00a0 \u00a0 References\u00a0 \u00a0 &gt;\u00a0 \u00a0Rosenheim<\/p>\n","protected":false},"author":11,"featured_media":0,"parent":27127,"menu_order":2,"comment_status":"closed","ping_status":"closed","template":"","meta":{"footnotes":""},"class_list":["post-27891","page","type-page","status-publish","hentry"],"aioseo_notices":[],"_links":{"self":[{"href":"https:\/\/dev.kordes.de\/en\/wp-json\/wp\/v2\/pages\/27891","targetHints":{"allow":["GET"]}}],"collection":[{"href":"https:\/\/dev.kordes.de\/en\/wp-json\/wp\/v2\/pages"}],"about":[{"href":"https:\/\/dev.kordes.de\/en\/wp-json\/wp\/v2\/types\/page"}],"author":[{"embeddable":true,"href":"https:\/\/dev.kordes.de\/en\/wp-json\/wp\/v2\/users\/11"}],"replies":[{"embeddable":true,"href":"https:\/\/dev.kordes.de\/en\/wp-json\/wp\/v2\/comments?post=27891"}],"version-history":[{"count":3,"href":"https:\/\/dev.kordes.de\/en\/wp-json\/wp\/v2\/pages\/27891\/revisions"}],"predecessor-version":[{"id":31363,"href":"https:\/\/dev.kordes.de\/en\/wp-json\/wp\/v2\/pages\/27891\/revisions\/31363"}],"up":[{"embeddable":true,"href":"https:\/\/dev.kordes.de\/en\/wp-json\/wp\/v2\/pages\/27127"}],"wp:attachment":[{"href":"https:\/\/dev.kordes.de\/en\/wp-json\/wp\/v2\/media?parent=27891"}],"curies":[{"name":"wp","href":"https:\/\/api.w.org\/{rel}","templated":true}]}}